{"id":5769,"date":"2025-08-27T09:41:04","date_gmt":"2025-08-27T07:41:04","guid":{"rendered":"https:\/\/www.wibitsports.com\/mentions-legales\/"},"modified":"2025-10-24T14:06:55","modified_gmt":"2025-10-24T12:06:55","slug":"mentions-legales","status":"publish","type":"page","link":"https:\/\/www.wibitsports.com\/fr\/mentions-legales\/","title":{"rendered":"Mentions l\u00e9gales"},"content":{"rendered":"\n<h1 class=\"wp-block-heading\"><\/h1>\n\n<p><strong>Informations fournies conform\u00e9ment \u00e0 l&rsquo;article 5 de la loi allemande sur les t\u00e9l\u00e9m\u00e9dias (TMG) :<\/strong><\/p>\n\n<p>Wibit Sports GmbH<br\/>Am Gut Baarking 15<br\/>46395 Bocholt<\/p>\n\n<p><strong>Repr\u00e9sent\u00e9 par :<\/strong><br\/>Ralf Schwung &amp; Tarak Charfi<\/p>\n\n<p><strong>Contact :<\/strong><br\/>T\u00e9l\u00e9phone : +49 (0) 2871 23820-0<br\/>T\u00e9l\u00e9copie : +49 (0) 2871 23820-10<br\/>Courriel : info@wibitsports.com<\/p>\n\n<p><strong>Inscription au registre :<\/strong><br\/>Inscription au Handelsregister (registre du commerce).<br\/>Tribunal d&rsquo;enregistrement : Coesfeld<br\/>Num\u00e9ro d&rsquo;enregistrement : B 8567<\/p>\n\n<p><strong>TVA :<\/strong><br\/>Num\u00e9ro d&rsquo;identification TVA conform\u00e9ment \u00e0 l&rsquo;article 27 a de la loi allemande sur la taxe sur la valeur ajout\u00e9e : DE 812 199 236<\/p>\n\n<p><strong>R\u00e9solution des litiges :<\/strong><br\/>Nous ne participons pas aux proc\u00e9dures de r\u00e9solution des litiges en ligne devant les commissions d&rsquo;arbitrage des consommateurs.<\/p>\n\n<p><strong>Responsabilit\u00e9 du contenu :<\/strong><br\/>En tant que prestataires de services, nous sommes responsables de nos propres contenus sur ces sites web conform\u00e9ment \u00e0 l&rsquo;article 7, paragraphe 1 de la loi allemande sur les t\u00e9l\u00e9m\u00e9dias (TMG). Toutefois, conform\u00e9ment aux articles 8 \u00e0 10 de la loi allemande sur les t\u00e9l\u00e9m\u00e9dias (TMG), les prestataires de services ne sont pas tenus de surveiller en permanence les informations soumises ou stock\u00e9es, ni de rechercher des \u00e9l\u00e9ments indiquant des activit\u00e9s ill\u00e9gales. Les obligations l\u00e9gales de suppression d&rsquo;informations ou de blocage de l&rsquo;utilisation d&rsquo;informations restent inchang\u00e9es. Dans ce cas, la responsabilit\u00e9 n&rsquo;est possible qu&rsquo;au moment de la connaissance d&rsquo;une violation sp\u00e9cifique de la loi. Les contenus ill\u00e9gaux seront imm\u00e9diatement supprim\u00e9s d\u00e8s que nous en aurons connaissance.<\/p>\n\n<p><strong>Responsabilit\u00e9 pour les liens :<br\/><\/strong>Notre offre comprend des liens vers des sites web externes de tiers. Nous n&rsquo;avons aucune influence sur le contenu de ces sites web et, par cons\u00e9quent, nous ne pouvons pas garantir ces contenus. Les fournisseurs ou les administrateurs des sites web li\u00e9s sont toujours responsables de leur propre contenu. Les sites web li\u00e9s avaient \u00e9t\u00e9 contr\u00f4l\u00e9s au moment de la cr\u00e9ation du lien afin de d\u00e9tecter d&rsquo;\u00e9ventuelles violations de la loi. Aucun contenu ill\u00e9gal n&rsquo;a \u00e9t\u00e9 d\u00e9tect\u00e9 au moment de la cr\u00e9ation du lien. Une surveillance permanente du contenu des sites web li\u00e9s ne peut \u00eatre impos\u00e9e sans indications raisonnables d&rsquo;une violation de la loi. Les liens ill\u00e9gaux seront imm\u00e9diatement supprim\u00e9s d\u00e8s que nous en aurons connaissance.<\/p>\n\n<p><strong>Droits d&rsquo;auteur :<\/strong><br\/>Les contenus et compilations publi\u00e9s sur ces sites web par les fournisseurs sont soumis aux lois allemandes sur les droits d&rsquo;auteur. La reproduction, la modification, la distribution ainsi que l&rsquo;utilisation de toute nature en dehors du champ d&rsquo;application de la loi sur les droits d&rsquo;auteur n\u00e9cessitent une autorisation \u00e9crite de l&rsquo;auteur ou de l&rsquo;auteur original. Les t\u00e9l\u00e9chargements et les copies de ces sites web sont autoris\u00e9s uniquement pour un usage priv\u00e9. L&rsquo;utilisation commerciale de nos contenus sans l&rsquo;autorisation de l&rsquo;auteur original est interdite. Les lois sur les droits d&rsquo;auteur des tiers sont respect\u00e9es tant que les contenus de ces sites web ne proviennent pas du fournisseur. Les contributions de tiers sur ce site sont indiqu\u00e9es comme telles. Toutefois, si vous constatez une violation du droit d&rsquo;auteur, veuillez nous en informer. Ces contenus seront imm\u00e9diatement supprim\u00e9s.<\/p>\n","protected":false},"excerpt":{"rendered":"<p>Informations fournies conform\u00e9ment \u00e0 l&rsquo;article 5 de la loi allemande sur les t\u00e9l\u00e9m\u00e9dias (TMG) : Wibit Sports GmbHAm Gut Baarking [&hellip;]<\/p>\n","protected":false},"author":2,"featured_media":0,"parent":0,"menu_order":0,"comment_status":"closed","ping_status":"closed","template":"","meta":{"site-sidebar-layout":"default","site-content-layout":"","ast-site-content-layout":"default","site-content-style":"default","site-sidebar-style":"default","ast-global-header-display":"","ast-banner-title-visibility":"","ast-main-header-display":"","ast-hfb-above-header-display":"","ast-hfb-below-header-display":"","ast-hfb-mobile-header-display":"","site-post-title":"","ast-breadcrumbs-content":"","ast-featured-img":"","footer-sml-layout":"","ast-disable-related-posts":"","theme-transparent-header-meta":"","adv-header-id-meta":"","stick-header-meta":"","header-above-stick-meta":"","header-main-stick-meta":"","header-below-stick-meta":"","astra-migrate-meta-layouts":"default","ast-page-background-enabled":"default","ast-page-background-meta":{"desktop":{"background-color":"var(--ast-global-color-4)","background-image":"","background-repeat":"repeat","background-position":"center center","background-size":"auto","background-attachment":"scroll","background-type":"","background-media":"","overlay-type":"","overlay-color":"","overlay-opacity":"","overlay-gradient":""},"tablet":{"background-color":"","background-image":"","background-repeat":"repeat","background-position":"center center","background-size":"auto","background-attachment":"scroll","background-type":"","background-media":"","overlay-type":"","overlay-color":"","overlay-opacity":"","overlay-gradient":""},"mobile":{"background-color":"","background-image":"","background-repeat":"repeat","background-position":"center center","background-size":"auto","background-attachment":"scroll","background-type":"","background-media":"","overlay-type":"","overlay-color":"","overlay-opacity":"","overlay-gradient":""}},"ast-content-background-meta":{"desktop":{"background-color":"var(--ast-global-color-5)","background-image":"","background-repeat":"repeat","background-position":"center center","background-size":"auto","background-attachment":"scroll","background-type":"","background-media":"","overlay-type":"","overlay-color":"","overlay-opacity":"","overlay-gradient":""},"tablet":{"background-color":"var(--ast-global-color-5)","background-image":"","background-repeat":"repeat","background-position":"center center","background-size":"auto","background-attachment":"scroll","background-type":"","background-media":"","overlay-type":"","overlay-color":"","overlay-opacity":"","overlay-gradient":""},"mobile":{"background-color":"var(--ast-global-color-5)","background-image":"","background-repeat":"repeat","background-position":"center center","background-size":"auto","background-attachment":"scroll","background-type":"","background-media":"","overlay-type":"","overlay-color":"","overlay-opacity":"","overlay-gradient":""}},"iawp_total_views":12,"footnotes":""},"class_list":["post-5769","page","type-page","status-publish","hentry"],"yoast_head":"<!-- This site is optimized with the Yoast SEO plugin v27.2 - https:\/\/yoast.com\/product\/yoast-seo-wordpress\/ -->\n<title>Mentions l\u00e9gales - WibitSports<\/title>\n<meta name=\"robots\" content=\"index, follow, max-snippet:-1, max-image-preview:large, max-video-preview:-1\" \/>\n<link rel=\"canonical\" href=\"https:\/\/www.wibitsports.com\/fr\/mentions-legales\/\" \/>\n<meta property=\"og:locale\" content=\"fr_FR\" \/>\n<meta property=\"og:type\" content=\"article\" \/>\n<meta property=\"og:title\" content=\"Mentions l\u00e9gales - WibitSports\" \/>\n<meta property=\"og:description\" content=\"Informations fournies conform\u00e9ment \u00e0 l&rsquo;article 5 de la loi allemande sur les t\u00e9l\u00e9m\u00e9dias (TMG) : Wibit Sports GmbHAm Gut Baarking [&hellip;]\" \/>\n<meta property=\"og:url\" content=\"https:\/\/www.wibitsports.com\/fr\/mentions-legales\/\" \/>\n<meta property=\"og:site_name\" content=\"WibitSports\" \/>\n<meta property=\"article:modified_time\" content=\"2025-10-24T12:06:55+00:00\" \/>\n<meta name=\"twitter:card\" content=\"summary_large_image\" \/>\n<meta name=\"twitter:label1\" content=\"Dur\u00e9e de lecture estim\u00e9e\" \/>\n\t<meta name=\"twitter:data1\" content=\"3 minutes\" \/>\n<script type=\"application\/ld+json\" class=\"yoast-schema-graph\">{\"@context\":\"https:\/\/schema.org\",\"@graph\":[{\"@type\":\"WebPage\",\"@id\":\"https:\/\/www.wibitsports.com\/fr\/mentions-legales\/\",\"url\":\"https:\/\/www.wibitsports.com\/fr\/mentions-legales\/\",\"name\":\"Mentions l\u00e9gales - WibitSports\",\"isPartOf\":{\"@id\":\"https:\/\/www.wibitsports.com\/fr\/#website\"},\"datePublished\":\"2025-08-27T07:41:04+00:00\",\"dateModified\":\"2025-10-24T12:06:55+00:00\",\"breadcrumb\":{\"@id\":\"https:\/\/www.wibitsports.com\/fr\/mentions-legales\/#breadcrumb\"},\"inLanguage\":\"fr-FR\",\"potentialAction\":[{\"@type\":\"ReadAction\",\"target\":[\"https:\/\/www.wibitsports.com\/fr\/mentions-legales\/\"]}]},{\"@type\":\"BreadcrumbList\",\"@id\":\"https:\/\/www.wibitsports.com\/fr\/mentions-legales\/#breadcrumb\",\"itemListElement\":[{\"@type\":\"ListItem\",\"position\":1,\"name\":\"Startseite\",\"item\":\"https:\/\/www.wibitsports.com\/fr\/accueil\/\"},{\"@type\":\"ListItem\",\"position\":2,\"name\":\"Mentions l\u00e9gales\"}]},{\"@type\":\"WebSite\",\"@id\":\"https:\/\/www.wibitsports.com\/fr\/#website\",\"url\":\"https:\/\/www.wibitsports.com\/fr\/\",\"name\":\"WibitSports\",\"description\":\"World\u2019s leading floating water park brand.\",\"publisher\":{\"@id\":\"https:\/\/www.wibitsports.com\/fr\/#organization\"},\"potentialAction\":[{\"@type\":\"SearchAction\",\"target\":{\"@type\":\"EntryPoint\",\"urlTemplate\":\"https:\/\/www.wibitsports.com\/fr\/?s={search_term_string}\"},\"query-input\":{\"@type\":\"PropertyValueSpecification\",\"valueRequired\":true,\"valueName\":\"search_term_string\"}}],\"inLanguage\":\"fr-FR\"},{\"@type\":\"Organization\",\"@id\":\"https:\/\/www.wibitsports.com\/fr\/#organization\",\"name\":\"WibitSports\",\"url\":\"https:\/\/www.wibitsports.com\/fr\/\",\"logo\":{\"@type\":\"ImageObject\",\"inLanguage\":\"fr-FR\",\"@id\":\"https:\/\/www.wibitsports.com\/fr\/#\/schema\/logo\/image\/\",\"url\":\"https:\/\/www.wibitsports.com\/wp-content\/uploads\/2025\/08\/wibit_logo.svg\",\"contentUrl\":\"https:\/\/www.wibitsports.com\/wp-content\/uploads\/2025\/08\/wibit_logo.svg\",\"caption\":\"WibitSports\"},\"image\":{\"@id\":\"https:\/\/www.wibitsports.com\/fr\/#\/schema\/logo\/image\/\"}}]}<\/script>\n<!-- \/ Yoast SEO plugin. -->","yoast_head_json":{"title":"Mentions l\u00e9gales - WibitSports","robots":{"index":"index","follow":"follow","max-snippet":"max-snippet:-1","max-image-preview":"max-image-preview:large","max-video-preview":"max-video-preview:-1"},"canonical":"https:\/\/www.wibitsports.com\/fr\/mentions-legales\/","og_locale":"fr_FR","og_type":"article","og_title":"Mentions l\u00e9gales - WibitSports","og_description":"Informations fournies conform\u00e9ment \u00e0 l&rsquo;article 5 de la loi allemande sur les t\u00e9l\u00e9m\u00e9dias (TMG) : Wibit Sports GmbHAm Gut Baarking [&hellip;]","og_url":"https:\/\/www.wibitsports.com\/fr\/mentions-legales\/","og_site_name":"WibitSports","article_modified_time":"2025-10-24T12:06:55+00:00","twitter_card":"summary_large_image","twitter_misc":{"Dur\u00e9e de lecture estim\u00e9e":"3 minutes"},"schema":{"@context":"https:\/\/schema.org","@graph":[{"@type":"WebPage","@id":"https:\/\/www.wibitsports.com\/fr\/mentions-legales\/","url":"https:\/\/www.wibitsports.com\/fr\/mentions-legales\/","name":"Mentions l\u00e9gales - WibitSports","isPartOf":{"@id":"https:\/\/www.wibitsports.com\/fr\/#website"},"datePublished":"2025-08-27T07:41:04+00:00","dateModified":"2025-10-24T12:06:55+00:00","breadcrumb":{"@id":"https:\/\/www.wibitsports.com\/fr\/mentions-legales\/#breadcrumb"},"inLanguage":"fr-FR","potentialAction":[{"@type":"ReadAction","target":["https:\/\/www.wibitsports.com\/fr\/mentions-legales\/"]}]},{"@type":"BreadcrumbList","@id":"https:\/\/www.wibitsports.com\/fr\/mentions-legales\/#breadcrumb","itemListElement":[{"@type":"ListItem","position":1,"name":"Startseite","item":"https:\/\/www.wibitsports.com\/fr\/accueil\/"},{"@type":"ListItem","position":2,"name":"Mentions l\u00e9gales"}]},{"@type":"WebSite","@id":"https:\/\/www.wibitsports.com\/fr\/#website","url":"https:\/\/www.wibitsports.com\/fr\/","name":"WibitSports","description":"World\u2019s leading floating water park brand.","publisher":{"@id":"https:\/\/www.wibitsports.com\/fr\/#organization"},"potentialAction":[{"@type":"SearchAction","target":{"@type":"EntryPoint","urlTemplate":"https:\/\/www.wibitsports.com\/fr\/?s={search_term_string}"},"query-input":{"@type":"PropertyValueSpecification","valueRequired":true,"valueName":"search_term_string"}}],"inLanguage":"fr-FR"},{"@type":"Organization","@id":"https:\/\/www.wibitsports.com\/fr\/#organization","name":"WibitSports","url":"https:\/\/www.wibitsports.com\/fr\/","logo":{"@type":"ImageObject","inLanguage":"fr-FR","@id":"https:\/\/www.wibitsports.com\/fr\/#\/schema\/logo\/image\/","url":"https:\/\/www.wibitsports.com\/wp-content\/uploads\/2025\/08\/wibit_logo.svg","contentUrl":"https:\/\/www.wibitsports.com\/wp-content\/uploads\/2025\/08\/wibit_logo.svg","caption":"WibitSports"},"image":{"@id":"https:\/\/www.wibitsports.com\/fr\/#\/schema\/logo\/image\/"}}]}},"_links":{"self":[{"href":"https:\/\/www.wibitsports.com\/fr\/wp-json\/wp\/v2\/pages\/5769","targetHints":{"allow":["GET"]}}],"collection":[{"href":"https:\/\/www.wibitsports.com\/fr\/wp-json\/wp\/v2\/pages"}],"about":[{"href":"https:\/\/www.wibitsports.com\/fr\/wp-json\/wp\/v2\/types\/page"}],"author":[{"embeddable":true,"href":"https:\/\/www.wibitsports.com\/fr\/wp-json\/wp\/v2\/users\/2"}],"replies":[{"embeddable":true,"href":"https:\/\/www.wibitsports.com\/fr\/wp-json\/wp\/v2\/comments?post=5769"}],"version-history":[{"count":0,"href":"https:\/\/www.wibitsports.com\/fr\/wp-json\/wp\/v2\/pages\/5769\/revisions"}],"wp:attachment":[{"href":"https:\/\/www.wibitsports.com\/fr\/wp-json\/wp\/v2\/media?parent=5769"}],"curies":[{"name":"wp","href":"https:\/\/api.w.org\/{rel}","templated":true}]}}