{"id":5619,"date":"2025-08-27T09:41:04","date_gmt":"2025-08-27T07:41:04","guid":{"rendered":"https:\/\/www.wibitsports.com\/aviso-legal\/"},"modified":"2025-10-24T14:17:52","modified_gmt":"2025-10-24T12:17:52","slug":"aviso-legal","status":"publish","type":"page","link":"https:\/\/www.wibitsports.com\/es\/aviso-legal\/","title":{"rendered":"Aviso legal"},"content":{"rendered":"\n<h1 class=\"wp-block-heading\"><\/h1>\n\n<p><strong>Informaci\u00f3n proporcionada seg\u00fan el art\u00edculo 5 de la Ley alemana de medios de comunicaci\u00f3n (TMG):<\/strong><\/p>\n\n<p>Wibit Sports GmbH<br\/>Am Gut Baarking 15<br\/>46395 Bocholt<\/p>\n\n<p><strong>Representado por:<\/strong><br\/>Ralf Schwung &amp; Tarak Charfi<\/p>\n\n<p><strong>Contacto:<\/strong><br\/>Tel\u00e9fono: +49 (0) 2871 23820-0<br\/>Telefax: +49 (0) 2871 23820-10<br\/>Correo electr\u00f3nico: info@wibitsports.com<\/p>\n\n<p><strong>Inscripci\u00f3n en el registro:<\/strong><br\/>Inscripci\u00f3n en el Handelsregister (registro mercantil).<br\/>Tribunal de registro: Coesfeld<br\/>N\u00famero de registro: B 8567<\/p>\n\n<p><strong>IVA:<\/strong><br\/>N\u00famero de identificaci\u00f3n a efectos del IVA seg\u00fan el art\u00edculo 27 a de la Ley alemana del impuesto sobre el valor a\u00f1adido: DE 812 199 236<\/p>\n\n<p><strong>Resoluci\u00f3n de litigios:<\/strong><br\/>No participamos en la resoluci\u00f3n de litigios en l\u00ednea ante juntas de arbitraje de consumo.<\/p>\n\n<p><strong>Responsabilidad por el contenido:<\/strong><br\/>Como proveedores de servicios, somos responsables del contenido propio de estos sitios web de acuerdo con el art\u00edculo 7, p\u00e1rrafo 1 de la Ley alemana de medios de comunicaci\u00f3n (TMG). Sin embargo, de acuerdo con los art\u00edculos 8 a 10 de la Ley alemana de medios de comunicaci\u00f3n (TMG), los proveedores de servicios no est\u00e1n obligados a supervisar permanentemente la informaci\u00f3n enviada o almacenada ni a buscar pruebas que indiquen actividades ilegales. Las obligaciones legales de eliminar informaci\u00f3n o bloquear el uso de informaci\u00f3n no se ver\u00e1n afectadas. En este caso, la responsabilidad solo es posible en el momento en que se tiene conocimiento de una violaci\u00f3n espec\u00edfica de la ley. El contenido ilegal se eliminar\u00e1 inmediatamente en el momento en que tengamos conocimiento de \u00e9l.<\/p>\n\n<p><strong>Responsabilidad por los enlaces:<br\/><\/strong>Nuestra oferta incluye enlaces a sitios web externos de terceros. No tenemos ninguna influencia sobre el contenido de esos sitios web, por lo tanto, no podemos garantizar esos contenidos. Los proveedores o administradores de los sitios web enlazados son siempre responsables de sus propios contenidos. Los sitios web enlazados hab\u00edan sido revisados para detectar posibles violaciones de la ley en el momento del establecimiento del enlace. No se detect\u00f3 contenido ilegal en el momento de la vinculaci\u00f3n. No se puede imponer una supervisi\u00f3n permanente del contenido de los sitios web enlazados sin indicios razonables de que se ha producido una violaci\u00f3n de la ley. Los enlaces ilegales se eliminar\u00e1n inmediatamente en el momento en que tengamos conocimiento de ellos.<\/p>\n\n<p><strong>Derechos de autor:<\/strong><br\/>Los contenidos y compilaciones publicados en estos sitios web por los proveedores est\u00e1n sujetos a las leyes alemanas de derechos de autor. La reproducci\u00f3n, edici\u00f3n, distribuci\u00f3n, as\u00ed como el uso de cualquier tipo fuera del \u00e1mbito de la ley de derechos de autor requieren un permiso escrito del autor u originador. Las descargas y copias de estos sitios web est\u00e1n permitidas solo para uso privado. El uso comercial de nuestros contenidos sin el permiso del originador est\u00e1 prohibido. Las leyes de derechos de autor de terceros se respetan siempre y cuando los contenidos de estos sitios web no provengan del proveedor. Las contribuciones de terceros en este sitio se indican como tales. Sin embargo, si observa alguna violaci\u00f3n de la ley de derechos de autor, inf\u00f3rmenos. Dicho contenido se eliminar\u00e1 de inmediato.<\/p>\n","protected":false},"excerpt":{"rendered":"<p>Informaci\u00f3n proporcionada seg\u00fan el art\u00edculo 5 de la Ley alemana de medios de comunicaci\u00f3n (TMG): Wibit Sports GmbHAm Gut Baarking [&hellip;]<\/p>\n","protected":false},"author":2,"featured_media":0,"parent":0,"menu_order":0,"comment_status":"closed","ping_status":"closed","template":"","meta":{"site-sidebar-layout":"default","site-content-layout":"","ast-site-content-layout":"default","site-content-style":"default","site-sidebar-style":"default","ast-global-header-display":"","ast-banner-title-visibility":"","ast-main-header-display":"","ast-hfb-above-header-display":"","ast-hfb-below-header-display":"","ast-hfb-mobile-header-display":"","site-post-title":"","ast-breadcrumbs-content":"","ast-featured-img":"","footer-sml-layout":"","ast-disable-related-posts":"","theme-transparent-header-meta":"","adv-header-id-meta":"","stick-header-meta":"","header-above-stick-meta":"","header-main-stick-meta":"","header-below-stick-meta":"","astra-migrate-meta-layouts":"default","ast-page-background-enabled":"default","ast-page-background-meta":{"desktop":{"background-color":"var(--ast-global-color-4)","background-image":"","background-repeat":"repeat","background-position":"center center","background-size":"auto","background-attachment":"scroll","background-type":"","background-media":"","overlay-type":"","overlay-color":"","overlay-opacity":"","overlay-gradient":""},"tablet":{"background-color":"","background-image":"","background-repeat":"repeat","background-position":"center center","background-size":"auto","background-attachment":"scroll","background-type":"","background-media":"","overlay-type":"","overlay-color":"","overlay-opacity":"","overlay-gradient":""},"mobile":{"background-color":"","background-image":"","background-repeat":"repeat","background-position":"center center","background-size":"auto","background-attachment":"scroll","background-type":"","background-media":"","overlay-type":"","overlay-color":"","overlay-opacity":"","overlay-gradient":""}},"ast-content-background-meta":{"desktop":{"background-color":"var(--ast-global-color-5)","background-image":"","background-repeat":"repeat","background-position":"center center","background-size":"auto","background-attachment":"scroll","background-type":"","background-media":"","overlay-type":"","overlay-color":"","overlay-opacity":"","overlay-gradient":""},"tablet":{"background-color":"var(--ast-global-color-5)","background-image":"","background-repeat":"repeat","background-position":"center center","background-size":"auto","background-attachment":"scroll","background-type":"","background-media":"","overlay-type":"","overlay-color":"","overlay-opacity":"","overlay-gradient":""},"mobile":{"background-color":"var(--ast-global-color-5)","background-image":"","background-repeat":"repeat","background-position":"center center","background-size":"auto","background-attachment":"scroll","background-type":"","background-media":"","overlay-type":"","overlay-color":"","overlay-opacity":"","overlay-gradient":""}},"iawp_total_views":3,"footnotes":""},"class_list":["post-5619","page","type-page","status-publish","hentry"],"yoast_head":"<!-- This site is optimized with the Yoast SEO plugin v27.2 - https:\/\/yoast.com\/product\/yoast-seo-wordpress\/ -->\n<title>Aviso legal - WibitSports<\/title>\n<meta name=\"robots\" content=\"index, follow, max-snippet:-1, max-image-preview:large, max-video-preview:-1\" \/>\n<link rel=\"canonical\" href=\"https:\/\/www.wibitsports.com\/es\/aviso-legal\/\" \/>\n<meta property=\"og:locale\" content=\"es_ES\" \/>\n<meta property=\"og:type\" content=\"article\" \/>\n<meta property=\"og:title\" content=\"Aviso legal - WibitSports\" \/>\n<meta property=\"og:description\" content=\"Informaci\u00f3n proporcionada seg\u00fan el art\u00edculo 5 de la Ley alemana de medios de comunicaci\u00f3n (TMG): Wibit Sports GmbHAm Gut Baarking [&hellip;]\" \/>\n<meta property=\"og:url\" content=\"https:\/\/www.wibitsports.com\/es\/aviso-legal\/\" \/>\n<meta property=\"og:site_name\" content=\"WibitSports\" \/>\n<meta property=\"article:modified_time\" content=\"2025-10-24T12:17:52+00:00\" \/>\n<meta name=\"twitter:card\" content=\"summary_large_image\" \/>\n<meta name=\"twitter:label1\" content=\"Tiempo de lectura\" \/>\n\t<meta name=\"twitter:data1\" content=\"3 minutos\" \/>\n<script type=\"application\/ld+json\" class=\"yoast-schema-graph\">{\"@context\":\"https:\/\/schema.org\",\"@graph\":[{\"@type\":\"WebPage\",\"@id\":\"https:\/\/www.wibitsports.com\/es\/aviso-legal\/\",\"url\":\"https:\/\/www.wibitsports.com\/es\/aviso-legal\/\",\"name\":\"Aviso legal - WibitSports\",\"isPartOf\":{\"@id\":\"https:\/\/www.wibitsports.com\/es\/#website\"},\"datePublished\":\"2025-08-27T07:41:04+00:00\",\"dateModified\":\"2025-10-24T12:17:52+00:00\",\"breadcrumb\":{\"@id\":\"https:\/\/www.wibitsports.com\/es\/aviso-legal\/#breadcrumb\"},\"inLanguage\":\"es\",\"potentialAction\":[{\"@type\":\"ReadAction\",\"target\":[\"https:\/\/www.wibitsports.com\/es\/aviso-legal\/\"]}]},{\"@type\":\"BreadcrumbList\",\"@id\":\"https:\/\/www.wibitsports.com\/es\/aviso-legal\/#breadcrumb\",\"itemListElement\":[{\"@type\":\"ListItem\",\"position\":1,\"name\":\"Startseite\",\"item\":\"https:\/\/www.wibitsports.com\/es\/inicio\/\"},{\"@type\":\"ListItem\",\"position\":2,\"name\":\"Aviso legal\"}]},{\"@type\":\"WebSite\",\"@id\":\"https:\/\/www.wibitsports.com\/es\/#website\",\"url\":\"https:\/\/www.wibitsports.com\/es\/\",\"name\":\"WibitSports\",\"description\":\"World\u2019s leading floating water park brand.\",\"publisher\":{\"@id\":\"https:\/\/www.wibitsports.com\/es\/#organization\"},\"potentialAction\":[{\"@type\":\"SearchAction\",\"target\":{\"@type\":\"EntryPoint\",\"urlTemplate\":\"https:\/\/www.wibitsports.com\/es\/?s={search_term_string}\"},\"query-input\":{\"@type\":\"PropertyValueSpecification\",\"valueRequired\":true,\"valueName\":\"search_term_string\"}}],\"inLanguage\":\"es\"},{\"@type\":\"Organization\",\"@id\":\"https:\/\/www.wibitsports.com\/es\/#organization\",\"name\":\"WibitSports\",\"url\":\"https:\/\/www.wibitsports.com\/es\/\",\"logo\":{\"@type\":\"ImageObject\",\"inLanguage\":\"es\",\"@id\":\"https:\/\/www.wibitsports.com\/es\/#\/schema\/logo\/image\/\",\"url\":\"https:\/\/www.wibitsports.com\/wp-content\/uploads\/2025\/08\/wibit_logo.svg\",\"contentUrl\":\"https:\/\/www.wibitsports.com\/wp-content\/uploads\/2025\/08\/wibit_logo.svg\",\"caption\":\"WibitSports\"},\"image\":{\"@id\":\"https:\/\/www.wibitsports.com\/es\/#\/schema\/logo\/image\/\"}}]}<\/script>\n<!-- \/ Yoast SEO plugin. -->","yoast_head_json":{"title":"Aviso legal - WibitSports","robots":{"index":"index","follow":"follow","max-snippet":"max-snippet:-1","max-image-preview":"max-image-preview:large","max-video-preview":"max-video-preview:-1"},"canonical":"https:\/\/www.wibitsports.com\/es\/aviso-legal\/","og_locale":"es_ES","og_type":"article","og_title":"Aviso legal - WibitSports","og_description":"Informaci\u00f3n proporcionada seg\u00fan el art\u00edculo 5 de la Ley alemana de medios de comunicaci\u00f3n (TMG): Wibit Sports GmbHAm Gut Baarking [&hellip;]","og_url":"https:\/\/www.wibitsports.com\/es\/aviso-legal\/","og_site_name":"WibitSports","article_modified_time":"2025-10-24T12:17:52+00:00","twitter_card":"summary_large_image","twitter_misc":{"Tiempo de lectura":"3 minutos"},"schema":{"@context":"https:\/\/schema.org","@graph":[{"@type":"WebPage","@id":"https:\/\/www.wibitsports.com\/es\/aviso-legal\/","url":"https:\/\/www.wibitsports.com\/es\/aviso-legal\/","name":"Aviso legal - WibitSports","isPartOf":{"@id":"https:\/\/www.wibitsports.com\/es\/#website"},"datePublished":"2025-08-27T07:41:04+00:00","dateModified":"2025-10-24T12:17:52+00:00","breadcrumb":{"@id":"https:\/\/www.wibitsports.com\/es\/aviso-legal\/#breadcrumb"},"inLanguage":"es","potentialAction":[{"@type":"ReadAction","target":["https:\/\/www.wibitsports.com\/es\/aviso-legal\/"]}]},{"@type":"BreadcrumbList","@id":"https:\/\/www.wibitsports.com\/es\/aviso-legal\/#breadcrumb","itemListElement":[{"@type":"ListItem","position":1,"name":"Startseite","item":"https:\/\/www.wibitsports.com\/es\/inicio\/"},{"@type":"ListItem","position":2,"name":"Aviso legal"}]},{"@type":"WebSite","@id":"https:\/\/www.wibitsports.com\/es\/#website","url":"https:\/\/www.wibitsports.com\/es\/","name":"WibitSports","description":"World\u2019s leading floating water park brand.","publisher":{"@id":"https:\/\/www.wibitsports.com\/es\/#organization"},"potentialAction":[{"@type":"SearchAction","target":{"@type":"EntryPoint","urlTemplate":"https:\/\/www.wibitsports.com\/es\/?s={search_term_string}"},"query-input":{"@type":"PropertyValueSpecification","valueRequired":true,"valueName":"search_term_string"}}],"inLanguage":"es"},{"@type":"Organization","@id":"https:\/\/www.wibitsports.com\/es\/#organization","name":"WibitSports","url":"https:\/\/www.wibitsports.com\/es\/","logo":{"@type":"ImageObject","inLanguage":"es","@id":"https:\/\/www.wibitsports.com\/es\/#\/schema\/logo\/image\/","url":"https:\/\/www.wibitsports.com\/wp-content\/uploads\/2025\/08\/wibit_logo.svg","contentUrl":"https:\/\/www.wibitsports.com\/wp-content\/uploads\/2025\/08\/wibit_logo.svg","caption":"WibitSports"},"image":{"@id":"https:\/\/www.wibitsports.com\/es\/#\/schema\/logo\/image\/"}}]}},"_links":{"self":[{"href":"https:\/\/www.wibitsports.com\/es\/wp-json\/wp\/v2\/pages\/5619","targetHints":{"allow":["GET"]}}],"collection":[{"href":"https:\/\/www.wibitsports.com\/es\/wp-json\/wp\/v2\/pages"}],"about":[{"href":"https:\/\/www.wibitsports.com\/es\/wp-json\/wp\/v2\/types\/page"}],"author":[{"embeddable":true,"href":"https:\/\/www.wibitsports.com\/es\/wp-json\/wp\/v2\/users\/2"}],"replies":[{"embeddable":true,"href":"https:\/\/www.wibitsports.com\/es\/wp-json\/wp\/v2\/comments?post=5619"}],"version-history":[{"count":0,"href":"https:\/\/www.wibitsports.com\/es\/wp-json\/wp\/v2\/pages\/5619\/revisions"}],"wp:attachment":[{"href":"https:\/\/www.wibitsports.com\/es\/wp-json\/wp\/v2\/media?parent=5619"}],"curies":[{"name":"wp","href":"https:\/\/api.w.org\/{rel}","templated":true}]}}