{"id":5719,"date":"2025-08-27T09:41:04","date_gmt":"2025-08-27T07:41:04","guid":{"rendered":"https:\/\/www.wibitsports.com\/impressum\/"},"modified":"2025-10-24T14:02:33","modified_gmt":"2025-10-24T12:02:33","slug":"impressum","status":"publish","type":"page","link":"https:\/\/www.wibitsports.com\/de\/impressum\/","title":{"rendered":"Impressum"},"content":{"rendered":"\n<h1 class=\"wp-block-heading\"><\/h1>\n\n<p><strong>Angaben gem\u00e4\u00df \u00a7 5 Telemediengesetz (TMG):<\/strong><\/p>\n\n<p>Wibit Sports GmbH<br\/>Am Gut Baarking 15<br\/>46395 Bocholt<\/p>\n\n<p><strong>Vertreten durch:<\/strong><br\/>Ralf Schwung &amp; Tarak Charfi<\/p>\n\n<p><strong>Kontakt:<\/strong><br\/>Telefon: +49 (0) 2871 23820-0<br\/>Telefax: +49 (0) 2871 23820-10<br\/>E-Mail: info@wibitsports.com<\/p>\n\n<p><strong>Registereintrag:<\/strong><br\/>Eintragung im Handelsregister.<br\/>Registergericht: Coesfeld<br\/>Registernummer: B 8567<\/p>\n\n<p><strong>Umsatzsteuer:<\/strong><br\/>Umsatzsteuer-Identifikationsnummer gem\u00e4\u00df \u00a7 27 a Umsatzsteuergesetz: DE 812 199 236<\/p>\n\n<p><strong>Streitschlichtung:<\/strong><br\/>Wir nehmen nicht an Online-Streitbeilegungen vor Verbraucherschlichtungsstellen teil.<\/p>\n\n<p><strong>Haftung f\u00fcr Inhalte:<\/strong><br\/>Als Diensteanbieter sind wir gem\u00e4\u00df \u00a7 7 Abs.1 TMG f\u00fcr eigene Inhalte auf diesen Seiten nach den allgemeinen Gesetzen verantwortlich. Nach \u00a7\u00a7 8 bis 10 TMG sind wir als Diensteanbieter jedoch nicht verpflichtet, \u00fcbermittelte oder gespeicherte fremde Informationen zu \u00fcberwachen oder nach Umst\u00e4nden zu forschen, die auf eine rechtswidrige T\u00e4tigkeit hinweisen. Verpflichtungen zur Entfernung oder Sperrung der Nutzung von Informationen nach den allgemeinen Gesetzen bleiben hiervon unber\u00fchrt. Eine diesbez\u00fcgliche Haftung ist jedoch erst ab dem Zeitpunkt der Kenntnis einer konkreten Rechtsverletzung m\u00f6glich. Bei Bekanntwerden von entsprechenden Rechtsverletzungen werden wir diese Inhalte umgehend entfernen.<\/p>\n\n<p><strong>Haftung f\u00fcr Links:<br\/><\/strong>Unser Angebot enth\u00e4lt Links zu externen Webseiten Dritter. Auf die Inhalte dieser Webseiten haben wir keinen Einfluss, daher k\u00f6nnen wir f\u00fcr diese fremden Inhalte auch keine Gew\u00e4hr \u00fcbernehmen. F\u00fcr die Inhalte der verlinkten Seiten ist stets der jeweilige Anbieter oder Betreiber der Seiten verantwortlich. Die verlinkten Seiten wurden zum Zeitpunkt der Verlinkung auf m\u00f6gliche Rechtsverst\u00f6\u00dfe \u00fcberpr\u00fcft. Rechtswidrige Inhalte waren zum Zeitpunkt der Verlinkung nicht erkennbar. Eine permanente inhaltliche Kontrolle der verlinkten Seiten ist jedoch ohne konkrete Anhaltspunkte einer Rechtsverletzung nicht zumutbar. Bei Bekanntwerden von Rechtsverletzungen werden wir derartige Links umgehend entfernen.<\/p>\n\n<p><strong>Urheberrecht:<\/strong><br\/>Die durch die Seitenbetreiber erstellten Inhalte und Werke auf diesen Seiten unterliegen dem deutschen Urheberrecht. Die Vervielf\u00e4ltigung, Bearbeitung, Verbreitung und jede Art der Verwertung au\u00dferhalb der Grenzen des Urheberrechtes bed\u00fcrfen der schriftlichen Zustimmung des jeweiligen Autors bzw. Erstellers. Downloads und Kopien dieser Seite sind nur f\u00fcr den privaten, nicht kommerziellen Gebrauch gestattet. Die kommerzielle Nutzung unserer Inhalte ohne Zustimmung des Urhebers ist untersagt. Soweit die Inhalte auf dieser Seite nicht vom Betreiber erstellt wurden, werden die Urheberrechte Dritter beachtet. Insbesondere werden Inhalte Dritter als solche gekennzeichnet. Sollten Sie trotzdem auf eine Urheberrechtsverletzung aufmerksam werden, bitten wir um einen entsprechenden Hinweis. Bei Bekanntwerden von Rechtsverletzungen werden wir derartige Inhalte umgehend entfernen.<\/p>\n","protected":false},"excerpt":{"rendered":"<p>Angaben gem\u00e4\u00df \u00a7 5 Telemediengesetz (TMG): Wibit Sports GmbHAm Gut Baarking 1546395 Bocholt Vertreten durch:Ralf Schwung &amp; Tarak Charfi Kontakt:Telefon: [&hellip;]<\/p>\n","protected":false},"author":2,"featured_media":0,"parent":0,"menu_order":0,"comment_status":"closed","ping_status":"closed","template":"","meta":{"site-sidebar-layout":"default","site-content-layout":"","ast-site-content-layout":"default","site-content-style":"default","site-sidebar-style":"default","ast-global-header-display":"","ast-banner-title-visibility":"","ast-main-header-display":"","ast-hfb-above-header-display":"","ast-hfb-below-header-display":"","ast-hfb-mobile-header-display":"","site-post-title":"","ast-breadcrumbs-content":"","ast-featured-img":"","footer-sml-layout":"","ast-disable-related-posts":"","theme-transparent-header-meta":"","adv-header-id-meta":"","stick-header-meta":"","header-above-stick-meta":"","header-main-stick-meta":"","header-below-stick-meta":"","astra-migrate-meta-layouts":"default","ast-page-background-enabled":"default","ast-page-background-meta":{"desktop":{"background-color":"var(--ast-global-color-4)","background-image":"","background-repeat":"repeat","background-position":"center center","background-size":"auto","background-attachment":"scroll","background-type":"","background-media":"","overlay-type":"","overlay-color":"","overlay-opacity":"","overlay-gradient":""},"tablet":{"background-color":"","background-image":"","background-repeat":"repeat","background-position":"center center","background-size":"auto","background-attachment":"scroll","background-type":"","background-media":"","overlay-type":"","overlay-color":"","overlay-opacity":"","overlay-gradient":""},"mobile":{"background-color":"","background-image":"","background-repeat":"repeat","background-position":"center center","background-size":"auto","background-attachment":"scroll","background-type":"","background-media":"","overlay-type":"","overlay-color":"","overlay-opacity":"","overlay-gradient":""}},"ast-content-background-meta":{"desktop":{"background-color":"var(--ast-global-color-5)","background-image":"","background-repeat":"repeat","background-position":"center center","background-size":"auto","background-attachment":"scroll","background-type":"","background-media":"","overlay-type":"","overlay-color":"","overlay-opacity":"","overlay-gradient":""},"tablet":{"background-color":"var(--ast-global-color-5)","background-image":"","background-repeat":"repeat","background-position":"center center","background-size":"auto","background-attachment":"scroll","background-type":"","background-media":"","overlay-type":"","overlay-color":"","overlay-opacity":"","overlay-gradient":""},"mobile":{"background-color":"var(--ast-global-color-5)","background-image":"","background-repeat":"repeat","background-position":"center center","background-size":"auto","background-attachment":"scroll","background-type":"","background-media":"","overlay-type":"","overlay-color":"","overlay-opacity":"","overlay-gradient":""}},"iawp_total_views":145,"footnotes":""},"class_list":["post-5719","page","type-page","status-publish","hentry"],"yoast_head":"<!-- This site is optimized with the Yoast SEO plugin v27.2 - https:\/\/yoast.com\/product\/yoast-seo-wordpress\/ -->\n<title>Impressum - WibitSports<\/title>\n<meta name=\"robots\" content=\"index, follow, max-snippet:-1, max-image-preview:large, max-video-preview:-1\" \/>\n<link rel=\"canonical\" href=\"https:\/\/www.wibitsports.com\/de\/impressum\/\" \/>\n<meta property=\"og:locale\" content=\"de_DE\" \/>\n<meta property=\"og:type\" content=\"article\" \/>\n<meta property=\"og:title\" content=\"Impressum - WibitSports\" \/>\n<meta property=\"og:description\" content=\"Angaben gem\u00e4\u00df \u00a7 5 Telemediengesetz (TMG): Wibit Sports GmbHAm Gut Baarking 1546395 Bocholt Vertreten durch:Ralf Schwung &amp; Tarak Charfi Kontakt:Telefon: [&hellip;]\" \/>\n<meta property=\"og:url\" content=\"https:\/\/www.wibitsports.com\/de\/impressum\/\" \/>\n<meta property=\"og:site_name\" content=\"WibitSports\" \/>\n<meta property=\"article:modified_time\" content=\"2025-10-24T12:02:33+00:00\" \/>\n<meta name=\"twitter:card\" content=\"summary_large_image\" \/>\n<meta name=\"twitter:label1\" content=\"Gesch\u00e4tzte Lesezeit\" \/>\n\t<meta name=\"twitter:data1\" content=\"2\u00a0Minuten\" \/>\n<script type=\"application\/ld+json\" class=\"yoast-schema-graph\">{\"@context\":\"https:\/\/schema.org\",\"@graph\":[{\"@type\":\"WebPage\",\"@id\":\"https:\/\/www.wibitsports.com\/de\/impressum\/\",\"url\":\"https:\/\/www.wibitsports.com\/de\/impressum\/\",\"name\":\"Impressum - WibitSports\",\"isPartOf\":{\"@id\":\"https:\/\/www.wibitsports.com\/de\/#website\"},\"datePublished\":\"2025-08-27T07:41:04+00:00\",\"dateModified\":\"2025-10-24T12:02:33+00:00\",\"breadcrumb\":{\"@id\":\"https:\/\/www.wibitsports.com\/de\/impressum\/#breadcrumb\"},\"inLanguage\":\"de\",\"potentialAction\":[{\"@type\":\"ReadAction\",\"target\":[\"https:\/\/www.wibitsports.com\/de\/impressum\/\"]}]},{\"@type\":\"BreadcrumbList\",\"@id\":\"https:\/\/www.wibitsports.com\/de\/impressum\/#breadcrumb\",\"itemListElement\":[{\"@type\":\"ListItem\",\"position\":1,\"name\":\"Startseite\",\"item\":\"https:\/\/www.wibitsports.com\/de\/startseite\/\"},{\"@type\":\"ListItem\",\"position\":2,\"name\":\"Impressum\"}]},{\"@type\":\"WebSite\",\"@id\":\"https:\/\/www.wibitsports.com\/de\/#website\",\"url\":\"https:\/\/www.wibitsports.com\/de\/\",\"name\":\"WibitSports\",\"description\":\"World\u2019s leading floating water park brand.\",\"publisher\":{\"@id\":\"https:\/\/www.wibitsports.com\/de\/#organization\"},\"potentialAction\":[{\"@type\":\"SearchAction\",\"target\":{\"@type\":\"EntryPoint\",\"urlTemplate\":\"https:\/\/www.wibitsports.com\/de\/?s={search_term_string}\"},\"query-input\":{\"@type\":\"PropertyValueSpecification\",\"valueRequired\":true,\"valueName\":\"search_term_string\"}}],\"inLanguage\":\"de\"},{\"@type\":\"Organization\",\"@id\":\"https:\/\/www.wibitsports.com\/de\/#organization\",\"name\":\"WibitSports\",\"url\":\"https:\/\/www.wibitsports.com\/de\/\",\"logo\":{\"@type\":\"ImageObject\",\"inLanguage\":\"de\",\"@id\":\"https:\/\/www.wibitsports.com\/de\/#\/schema\/logo\/image\/\",\"url\":\"https:\/\/www.wibitsports.com\/wp-content\/uploads\/2025\/08\/wibit_logo.svg\",\"contentUrl\":\"https:\/\/www.wibitsports.com\/wp-content\/uploads\/2025\/08\/wibit_logo.svg\",\"caption\":\"WibitSports\"},\"image\":{\"@id\":\"https:\/\/www.wibitsports.com\/de\/#\/schema\/logo\/image\/\"}}]}<\/script>\n<!-- \/ Yoast SEO plugin. -->","yoast_head_json":{"title":"Impressum - WibitSports","robots":{"index":"index","follow":"follow","max-snippet":"max-snippet:-1","max-image-preview":"max-image-preview:large","max-video-preview":"max-video-preview:-1"},"canonical":"https:\/\/www.wibitsports.com\/de\/impressum\/","og_locale":"de_DE","og_type":"article","og_title":"Impressum - WibitSports","og_description":"Angaben gem\u00e4\u00df \u00a7 5 Telemediengesetz (TMG): Wibit Sports GmbHAm Gut Baarking 1546395 Bocholt Vertreten durch:Ralf Schwung &amp; Tarak Charfi Kontakt:Telefon: [&hellip;]","og_url":"https:\/\/www.wibitsports.com\/de\/impressum\/","og_site_name":"WibitSports","article_modified_time":"2025-10-24T12:02:33+00:00","twitter_card":"summary_large_image","twitter_misc":{"Gesch\u00e4tzte Lesezeit":"2\u00a0Minuten"},"schema":{"@context":"https:\/\/schema.org","@graph":[{"@type":"WebPage","@id":"https:\/\/www.wibitsports.com\/de\/impressum\/","url":"https:\/\/www.wibitsports.com\/de\/impressum\/","name":"Impressum - WibitSports","isPartOf":{"@id":"https:\/\/www.wibitsports.com\/de\/#website"},"datePublished":"2025-08-27T07:41:04+00:00","dateModified":"2025-10-24T12:02:33+00:00","breadcrumb":{"@id":"https:\/\/www.wibitsports.com\/de\/impressum\/#breadcrumb"},"inLanguage":"de","potentialAction":[{"@type":"ReadAction","target":["https:\/\/www.wibitsports.com\/de\/impressum\/"]}]},{"@type":"BreadcrumbList","@id":"https:\/\/www.wibitsports.com\/de\/impressum\/#breadcrumb","itemListElement":[{"@type":"ListItem","position":1,"name":"Startseite","item":"https:\/\/www.wibitsports.com\/de\/startseite\/"},{"@type":"ListItem","position":2,"name":"Impressum"}]},{"@type":"WebSite","@id":"https:\/\/www.wibitsports.com\/de\/#website","url":"https:\/\/www.wibitsports.com\/de\/","name":"WibitSports","description":"World\u2019s leading floating water park brand.","publisher":{"@id":"https:\/\/www.wibitsports.com\/de\/#organization"},"potentialAction":[{"@type":"SearchAction","target":{"@type":"EntryPoint","urlTemplate":"https:\/\/www.wibitsports.com\/de\/?s={search_term_string}"},"query-input":{"@type":"PropertyValueSpecification","valueRequired":true,"valueName":"search_term_string"}}],"inLanguage":"de"},{"@type":"Organization","@id":"https:\/\/www.wibitsports.com\/de\/#organization","name":"WibitSports","url":"https:\/\/www.wibitsports.com\/de\/","logo":{"@type":"ImageObject","inLanguage":"de","@id":"https:\/\/www.wibitsports.com\/de\/#\/schema\/logo\/image\/","url":"https:\/\/www.wibitsports.com\/wp-content\/uploads\/2025\/08\/wibit_logo.svg","contentUrl":"https:\/\/www.wibitsports.com\/wp-content\/uploads\/2025\/08\/wibit_logo.svg","caption":"WibitSports"},"image":{"@id":"https:\/\/www.wibitsports.com\/de\/#\/schema\/logo\/image\/"}}]}},"_links":{"self":[{"href":"https:\/\/www.wibitsports.com\/de\/wp-json\/wp\/v2\/pages\/5719","targetHints":{"allow":["GET"]}}],"collection":[{"href":"https:\/\/www.wibitsports.com\/de\/wp-json\/wp\/v2\/pages"}],"about":[{"href":"https:\/\/www.wibitsports.com\/de\/wp-json\/wp\/v2\/types\/page"}],"author":[{"embeddable":true,"href":"https:\/\/www.wibitsports.com\/de\/wp-json\/wp\/v2\/users\/2"}],"replies":[{"embeddable":true,"href":"https:\/\/www.wibitsports.com\/de\/wp-json\/wp\/v2\/comments?post=5719"}],"version-history":[{"count":0,"href":"https:\/\/www.wibitsports.com\/de\/wp-json\/wp\/v2\/pages\/5719\/revisions"}],"wp:attachment":[{"href":"https:\/\/www.wibitsports.com\/de\/wp-json\/wp\/v2\/media?parent=5719"}],"curies":[{"name":"wp","href":"https:\/\/api.w.org\/{rel}","templated":true}]}}